{"id":805,"date":"2025-12-17T21:41:09","date_gmt":"2025-12-17T21:41:09","guid":{"rendered":"https:\/\/test.lemarronbeer.com\/?page_id=805"},"modified":"2026-03-16T12:48:51","modified_gmt":"2026-03-16T12:48:51","slug":"notre-histoire","status":"publish","type":"page","link":"https:\/\/test.lemarronbeer.com\/en\/notre-histoire\/","title":{"rendered":"Our Story"},"content":{"rendered":"<div class=\"wp-block-uagb-container uagb-block-bd279d5f alignfull uagb-is-root-container\"><div class=\"uagb-container-inner-blocks-wrap\">\n<div data-aos= \"slide-right\" data-aos-duration=\"400\" data-aos-delay=\"0\" data-aos-easing=\"ease\" data-aos-once=\"true\" class=\"wp-block-uagb-advanced-heading uagb-block-909c7b15\"><h2 class=\"uagb-heading-text\">Our Story<\/h2><\/div>\n\n\n\n<div data-aos= \"zoom-out-left\" data-aos-duration=\"400\" data-aos-delay=\"0\" data-aos-easing=\"ease\" data-aos-once=\"true\" class=\"wp-block-uagb-advanced-heading uagb-block-2ec7ca09\"><h2 class=\"uagb-heading-text\">Une Bi\u00e8re n\u00e9e de la Libert\u00e9<\/h2><p class=\"uagb-desc-text\">N\u00e9e d&rsquo;une vision, forg\u00e9e par l&rsquo;histoire, port\u00e9e par la fiert\u00e9 d&rsquo;un peuple.<\/p><\/div>\n\n\n\n<div class=\"wp-block-uagb-advanced-heading uagb-block-9a1275e0\"><p class=\"uagb-heading-text\"><strong>Le Marron<\/strong> est n\u00e9 d\u2019une vision : cr\u00e9er une bi\u00e8re qui raconte une histoire, celle de l\u2019h\u00e9ritage, de la r\u00e9silience et du renouveau. Ainsi, inspir\u00e9e par nos racines et port\u00e9e par une passion commune, Le Marron incarne l\u2019\u00e9l\u00e9gance d\u2019un go\u00fbt libre, authentique et assum\u00e9.<br><br>Fond\u00e9e par des passionn\u00e9s enracin\u00e9s dans la culture ha\u00eftienne, la marque a \u00e9t\u00e9 pens\u00e9e d\u00e8s le premier jour comme un pont entre le pass\u00e9 et le pr\u00e9sent. C&rsquo;est alors un produit d&rsquo;exception qui parle autant aux amateurs de bi\u00e8res artisanales qu&rsquo;\u00e0 tous ceux qui portent en eux la fiert\u00e9 de leurs origines.<br><br>De plus, de la s\u00e9lection des malts \u00e0 la mise en bouteille, chaque \u00e9tape est guid\u00e9e par une exigence absolue. C&rsquo;est celle de cr\u00e9er une bi\u00e8re qui soit \u00e0 la hauteur du symbole qu&rsquo;elle incarne. par cons\u00e9quent, pas de compromis sur la qualit\u00e9, pas de d\u00e9rive commerciale, pas de trahison de l&rsquo;\u00e9thique fondatrice.<\/p><\/div>\n\n\n\n<div data-aos= \"zoom-in-left\" data-aos-duration=\"400\" data-aos-delay=\"0\" data-aos-easing=\"ease\" data-aos-once=\"true\" class=\"wp-block-uagb-advanced-heading uagb-block-f9611972\"><h2 class=\"uagb-heading-text\">\u00ab Chaque brassin est le fruit d&rsquo;un savoir-faire rigoureux, d&rsquo;ingr\u00e9dients<br>\u00a0 soigneusement s\u00e9lectionn\u00e9s et d&rsquo;un profond respect pour la tradition<br>\u00a0 artisanale, tout en regardant r\u00e9solument vers l&rsquo;avenir. \u00bb<\/h2><\/div>\n<\/div><\/div>\n\n\n\n<div class=\"wp-block-uagb-container uagb-block-8a6977a4 alignfull uagb-is-root-container\"><div class=\"uagb-container-inner-blocks-wrap\">\n<div class=\"wp-block-uagb-image uagb-block-fc2ed0b7 wp-block-uagb-image--layout-default wp-block-uagb-image--effect-static wp-block-uagb-image--align-none\"><figure class=\"wp-block-uagb-image__figure\"><img decoding=\"async\" srcset=\"https:\/\/test.lemarronbeer.com\/wp-content\/uploads\/2026\/02\/Marron-1024x118.jpg ,https:\/\/test.lemarronbeer.com\/wp-content\/uploads\/2026\/02\/Marron.jpg 780w, https:\/\/test.lemarronbeer.com\/wp-content\/uploads\/2026\/02\/Marron.jpg 360w\" sizes=\"auto, (max-width: 480px) 150px\" src=\"https:\/\/test.lemarronbeer.com\/wp-content\/uploads\/2026\/02\/Marron-1024x118.jpg\" alt=\"Histoire le marron\" class=\"uag-image-1050\" width=\"1024\" height=\"118\" title=\"Marron\" loading=\"lazy\" role=\"img\"\/><\/figure><\/div>\n<\/div><\/div>\n\n\n\n<div class=\"wp-block-uagb-container uagb-block-431ed6e5 alignfull uagb-is-root-container\"><div class=\"uagb-container-inner-blocks-wrap\">\n<div class=\"wp-block-uagb-advanced-heading uagb-block-9449429c\"><p class=\"uagb-heading-text\"><strong><em>Le Marron<\/em> <\/strong>Inconnu : un symbole de libert\u00e9<br><br>Au c\u0153ur de l\u2019identit\u00e9 de Le Marron se trouve une figure embl\u00e9matique : Le Marron Inconnu. Plus qu\u2019une statue, il est un symbole universel de libert\u00e9, de r\u00e9sistance et de dignit\u00e9 humaine. Repr\u00e9sent\u00e9 soufflant dans un lambi, il incarne l\u2019appel \u00e0 la libert\u00e9, le refus de l\u2019oppression et la force de ceux qui ont choisi de se relever, co\u00fbte que co\u00fbte.<br><br>Cette figure rend hommage aux Marrons des hommes et des femmes qui ont lutt\u00e9 pour leur vie et celle de leur descendance. Les Marrons \u00e9taient ces hommes et ces femmes qui refus\u00e8rent l&rsquo;esclavage. Ils bris\u00e8rent leurs cha\u00eenes et se r\u00e9fugi\u00e8rent dans les montagnes pour reprendre le contr\u00f4le de leur destin. De ce fait, leur r\u00e9sistance, leur ruse et leur solidarit\u00e9 ont sem\u00e9 les graines de la premi\u00e8re r\u00e9volution d&rsquo;esclaves victorieuse de l&rsquo;histoire. Leur courage, leur d\u00e9termination et leur esprit indomptable r\u00e9sonnent encore aujourd\u2019hui comme un message puissant : la libert\u00e9 n\u2019est jamais donn\u00e9e, elle se conquiert.<br><br>Pour Le Marron Beer, cette figure n&rsquo;est pas seulement un h\u00e9ritage historique : c&rsquo;est une boussole. Elle incarne l&rsquo;audace de refuser le statu quo, l&rsquo;authenticit\u00e9 de rester fid\u00e8le \u00e0 soi-m\u00eame, et la fiert\u00e9 de revendiquer ses racines avec \u00e9l\u00e9gance.<\/p><\/div>\n\n\n\n<div class=\"wp-block-uagb-container uagb-layout-grid uagb-block-0f54dc1c\">\n<div data-aos= \"slide-up\" data-aos-duration=\"400\" data-aos-delay=\"0\" data-aos-easing=\"ease\" data-aos-once=\"true\" class=\"wp-block-uagb-container uagb-block-167a9d34\">\n<div class=\"wp-block-uagb-buttons uagb-buttons__outer-wrap uagb-btn__default-btn uagb-btn-tablet__default-btn uagb-btn-mobile__default-btn uagb-block-7a0502df\"><div class=\"uagb-buttons__wrap uagb-buttons-layout-wrap\">\n<div class=\"wp-block-uagb-buttons-child uagb-buttons__outer-wrap uagb-block-19e59094 wp-block-button\"><div class=\"uagb-button__wrapper\"><a class=\"uagb-buttons-repeater wp-block-button__link\" aria-label=\"\" href=\"https:\/\/test.lemarronbeer.com\/en\/notre-biere\/\" rel=\"follow noopener\" target=\"_self\" role=\"button\"><div class=\"uagb-button__link\">D\u00e9couvrir notre Bi\u00e8re<\/div><\/a><\/div><\/div>\n<\/div><\/div>\n<\/div>\n\n\n\n<div data-aos= \"slide-up\" data-aos-duration=\"400\" data-aos-delay=\"0\" data-aos-easing=\"ease\" data-aos-once=\"true\" class=\"wp-block-uagb-container uagb-block-9df821be\">\n<div class=\"wp-block-uagb-buttons uagb-buttons__outer-wrap uagb-btn__default-btn uagb-btn-tablet__default-btn uagb-btn-mobile__default-btn uagb-block-05ae360b\"><div class=\"uagb-buttons__wrap uagb-buttons-layout-wrap\">\n<div class=\"wp-block-uagb-buttons-child uagb-buttons__outer-wrap uagb-block-b9327800 wp-block-button\"><div class=\"uagb-button__wrapper\"><a class=\"uagb-buttons-repeater wp-block-button__link\" aria-label=\"\" href=\"https:\/\/test.lemarronbeer.com\/en\/passer-une-commande\/\" rel=\"follow noopener\" target=\"_self\" role=\"button\"><div class=\"uagb-button__link\">Place an order<\/div><\/a><\/div><\/div>\n<\/div><\/div>\n<\/div>\n<\/div>\n<\/div><\/div>","protected":false},"excerpt":{"rendered":"<p>Notre Histoire Une Bi\u00e8re n\u00e9e de la Libert\u00e9 N\u00e9e d&rsquo;une vision, forg\u00e9e par l&rsquo;histoire, port\u00e9e par la fiert\u00e9 d&rsquo;un peuple. [&hellip;]<\/p>\n","protected":false},"author":1,"featured_media":0,"parent":0,"menu_order":0,"comment_status":"closed","ping_status":"closed","template":"","meta":{"_gspb_post_css":"","_uag_custom_page_level_css":"","_monsterinsights_skip_tracking":false,"_monsterinsights_sitenote_active":false,"_monsterinsights_sitenote_note":"","_monsterinsights_sitenote_category":0,"site-sidebar-layout":"default","site-content-layout":"","ast-site-content-layout":"default","site-content-style":"default","site-sidebar-style":"default","ast-global-header-display":"","ast-banner-title-visibility":"","ast-main-header-display":"","ast-hfb-above-header-display":"","ast-hfb-below-header-display":"","ast-hfb-mobile-header-display":"","site-post-title":"disabled","ast-breadcrumbs-content":"","ast-featured-img":"","footer-sml-layout":"","ast-disable-related-posts":"","theme-transparent-header-meta":"","adv-header-id-meta":"","stick-header-meta":"","header-above-stick-meta":"","header-main-stick-meta":"","header-below-stick-meta":"","astra-migrate-meta-layouts":"default","ast-page-background-enabled":"default","ast-page-background-meta":{"desktop":{"background-color":"var(--ast-global-color-5)","background-image":"","background-repeat":"repeat","background-position":"center center","background-size":"auto","background-attachment":"scroll","background-type":"","background-media":"","overlay-type":"","overlay-color":"","overlay-opacity":"","overlay-gradient":""},"tablet":{"background-color":"","background-image":"","background-repeat":"repeat","background-position":"center center","background-size":"auto","background-attachment":"scroll","background-type":"","background-media":"","overlay-type":"","overlay-color":"","overlay-opacity":"","overlay-gradient":""},"mobile":{"background-color":"","background-image":"","background-repeat":"repeat","background-position":"center center","background-size":"auto","background-attachment":"scroll","background-type":"","background-media":"","overlay-type":"","overlay-color":"","overlay-opacity":"","overlay-gradient":""}},"ast-content-background-meta":{"desktop":{"background-color":"var(--ast-global-color-4)","background-image":"","background-repeat":"repeat","background-position":"center center","background-size":"auto","background-attachment":"scroll","background-type":"","background-media":"","overlay-type":"","overlay-color":"","overlay-opacity":"","overlay-gradient":""},"tablet":{"background-color":"var(--ast-global-color-4)","background-image":"","background-repeat":"repeat","background-position":"center center","background-size":"auto","background-attachment":"scroll","background-type":"","background-media":"","overlay-type":"","overlay-color":"","overlay-opacity":"","overlay-gradient":""},"mobile":{"background-color":"var(--ast-global-color-4)","background-image":"","background-repeat":"repeat","background-position":"center center","background-size":"auto","background-attachment":"scroll","background-type":"","background-media":"","overlay-type":"","overlay-color":"","overlay-opacity":"","overlay-gradient":""}},"footnotes":""},"class_list":["post-805","page","type-page","status-publish","hentry"],"aioseo_notices":[],"uagb_featured_image_src":{"full":false,"thumbnail":false,"medium":false,"medium_large":false,"large":false,"1536x1536":false,"2048x2048":false,"trp-custom-language-flag":false},"uagb_author_info":{"display_name":"lemarron1804@gmail.com","author_link":"https:\/\/test.lemarronbeer.com\/en\/author\/lemarron1804gmail-com\/"},"uagb_comment_info":0,"uagb_excerpt":"Notre Histoire Une Bi\u00e8re n\u00e9e de la Libert\u00e9 N\u00e9e d&rsquo;une vision, forg\u00e9e par l&rsquo;histoire, port\u00e9e par la fiert\u00e9 d&rsquo;un peuple. [&hellip;]","_links":{"self":[{"href":"https:\/\/test.lemarronbeer.com\/en\/wp-json\/wp\/v2\/pages\/805","targetHints":{"allow":["GET"]}}],"collection":[{"href":"https:\/\/test.lemarronbeer.com\/en\/wp-json\/wp\/v2\/pages"}],"about":[{"href":"https:\/\/test.lemarronbeer.com\/en\/wp-json\/wp\/v2\/types\/page"}],"author":[{"embeddable":true,"href":"https:\/\/test.lemarronbeer.com\/en\/wp-json\/wp\/v2\/users\/1"}],"replies":[{"embeddable":true,"href":"https:\/\/test.lemarronbeer.com\/en\/wp-json\/wp\/v2\/comments?post=805"}],"version-history":[{"count":71,"href":"https:\/\/test.lemarronbeer.com\/en\/wp-json\/wp\/v2\/pages\/805\/revisions"}],"predecessor-version":[{"id":1933,"href":"https:\/\/test.lemarronbeer.com\/en\/wp-json\/wp\/v2\/pages\/805\/revisions\/1933"}],"wp:attachment":[{"href":"https:\/\/test.lemarronbeer.com\/en\/wp-json\/wp\/v2\/media?parent=805"}],"curies":[{"name":"wp","href":"https:\/\/api.w.org\/{rel}","templated":true}]}}