{"id":1482,"date":"2026-03-11T07:33:00","date_gmt":"2026-03-11T07:33:00","guid":{"rendered":"https:\/\/test.lemarronbeer.com\/?page_id=1482"},"modified":"2026-04-20T14:13:34","modified_gmt":"2026-04-20T14:13:34","slug":"accueil","status":"publish","type":"page","link":"https:\/\/test.lemarronbeer.com\/en\/","title":{"rendered":"Home"},"content":{"rendered":"<div class=\"wp-block-uagb-container uagb-block-07933978 alignfull uagb-is-root-container\"><div class=\"uagb-container__video-wrap\"><video autoplay loop muted playsinline><source src=\"https:\/\/test.lemarronbeer.com\/wp-content\/uploads\/2026\/03\/anime-cette-image-en-une-vido-cinmatique-de-10-sec.mp4\" type=\"video\/mp4\"\/><\/video><\/div><div class=\"uagb-container-inner-blocks-wrap\">\n<div class=\"wp-block-uagb-info-box uagb-block-425cc6b4 uagb-infobox__content-wrap  uagb-infobox-icon-above-title uagb-infobox-image-valign-top wp-block-uagb-info-box--has-margin\"><div class=\"uagb-infobox-margin-wrapper\"><div class=\"uagb-ifb-content\"><div class=\"uagb-ifb-title-wrap\"><h1 class=\"uagb-ifb-title\">Ready to taste freedom?<\/h1><\/div><\/div><\/div><\/div>\n\n\n\n<div class=\"wp-block-uagb-buttons uagb-buttons__outer-wrap uagb-btn__default-btn uagb-btn-tablet__default-btn uagb-btn-mobile__default-btn uagb-block-d1a4c53b\"><div class=\"uagb-buttons__wrap uagb-buttons-layout-wrap\">\n<div class=\"wp-block-uagb-buttons-child uagb-buttons__outer-wrap uagb-block-b49ff6e8 wp-block-button\"><div class=\"uagb-button__wrapper\"><a class=\"uagb-buttons-repeater wp-block-button__link\" aria-label=\"\" href=\"https:\/\/test.lemarronbeer.com\/en\/notre-biere\/\" rel=\"follow noopener\" target=\"_self\" role=\"button\"><div class=\"uagb-button__link\">Our Beer<\/div><\/a><\/div><\/div>\n\n\n\n<div class=\"wp-block-uagb-buttons-child uagb-buttons__outer-wrap uagb-block-34aa6fc1 wp-block-button\"><div class=\"uagb-button__wrapper\"><a class=\"uagb-buttons-repeater wp-block-button__link\" aria-label=\"\" href=\"https:\/\/test.lemarronbeer.com\/en\/contact\/\" rel=\"follow noopener\" target=\"_self\" role=\"button\"><div class=\"uagb-button__link\">Contact<\/div><\/a><\/div><\/div>\n<\/div><\/div>\n<\/div><\/div>\n\n\n\n<div class=\"wp-block-uagb-separator uagb-block-543af71a\"><div class=\"wp-block-uagb-separator__inner\" style=\"--my-background-image:\"><\/div><\/div>\n\n\n\n<div class=\"wp-block-uagb-container uagb-layout-grid uagb-block-71f7405a alignfull uagb-is-root-container\"><div class=\"uagb-container-inner-blocks-wrap\">\n<div data-aos= \"fade-left\" data-aos-duration=\"400\" data-aos-delay=\"0\" data-aos-easing=\"ease\" data-aos-once=\"true\" class=\"wp-block-uagb-advanced-heading uagb-block-e669451d\"><h2 class=\"uagb-heading-text\">The Unknown Maroon: A Symbol of Freedom<\/h2><\/div>\n\n\n\n<div class=\"wp-block-uagb-container uagb-block-7c15a9a8\">\n<div data-aos= \"fade-left\" data-aos-duration=\"400\" data-aos-delay=\"0\" data-aos-easing=\"ease\" data-aos-once=\"true\" class=\"wp-block-uagb-advanced-heading uagb-block-01a3751c\"><p class=\"uagb-heading-text\">Le Marron est n\u00e9 d\u2019une vision : cr\u00e9er une bi\u00e8re qui raconte une histoire, celle de l\u2019h\u00e9ritage, de la r\u00e9silience et du renouveau.  Ainsi, inspir\u00e9e par nos racines et port\u00e9e par une passion commune, Le Marron incarne l\u2019\u00e9l\u00e9gance d\u2019un go\u00fbt libre, authentique et assum\u00e9.<\/p><\/div>\n\n\n\n<div class=\"wp-block-uagb-buttons uagb-buttons__outer-wrap uagb-btn__default-btn uagb-btn-tablet__default-btn uagb-btn-mobile__default-btn uagb-block-520ef83e\"><div class=\"uagb-buttons__wrap uagb-buttons-layout-wrap\">\n<div class=\"wp-block-uagb-buttons-child uagb-buttons__outer-wrap uagb-block-6bfbd512 wp-block-button\"><div class=\"uagb-button__wrapper\"><a class=\"uagb-buttons-repeater wp-block-button__link\" aria-label=\"\" href=\"https:\/\/test.lemarronbeer.com\/en\/notre-histoire\/\" rel=\"follow noopener\" target=\"_self\" role=\"button\"><div class=\"uagb-button__link\">Our Story<\/div><\/a><\/div><\/div>\n<\/div><\/div>\n<\/div>\n<\/div><\/div>\n\n\n\n<div class=\"wp-block-uagb-separator uagb-block-9a47814d\"><div class=\"uagb-separator-spacing-wrapper\"><div class=\"wp-block-uagb-separator__inner\" style=\"--my-background-image:\"><\/div><\/div><\/div>\n\n\n\n<div class=\"wp-block-uagb-container uagb-block-737cf484 alignfull uagb-is-root-container\"><div class=\"uagb-container-inner-blocks-wrap\">\n<div data-aos= \"zoom-out\" data-aos-duration=\"400\" data-aos-delay=\"0\" data-aos-easing=\"ease\" data-aos-once=\"true\" class=\"wp-block-uagb-info-box uagb-block-a1136e67 uagb-infobox__content-wrap  uagb-infobox-icon-above-title uagb-infobox-image-valign-top\"><div class=\"uagb-ifb-content\"><div class=\"uagb-ifb-title-wrap\"><h2 class=\"uagb-ifb-title\">Le Marron Beer, disponible \u00e0 la demande<\/h2><\/div><p class=\"uagb-ifb-desc\">Chaque occasion m\u00e9rite une bi\u00e8re \u00e0 sa hauteur. Alors, que ce soit pour une c\u00e9l\u00e9bration intime ou un grand \u00e9v\u00e9nement, Le Marron s&rsquo;invite \u00e0 votre table avec caract\u00e8re et \u00e9l\u00e9gance.<\/p><div class=\"uagb-ifb-button-wrapper wp-block-button\"><a href=\"https:\/\/test.lemarronbeer.com\/en\/passer-une-commande\/\" class=\"uagb-infobox-cta-link wp-block-button__link\" target=\"_self\" rel=\"noopener noreferrer\" onclick=\"return true;\"><span class=\"uagb-inline-editing\">Place an order<\/span><\/a><\/div><\/div><\/div>\n<\/div><\/div>\n\n\n\n<div class=\"wp-block-uagb-separator uagb-block-7eebe343\"><div class=\"wp-block-uagb-separator__inner\" style=\"--my-background-image:\"><\/div><\/div>\n\n\n\n<div class=\"wp-block-uagb-container uagb-block-luxxsbl2 alignfull uagb-is-root-container\"><div class=\"uagb-container-inner-blocks-wrap\">\n<div data-aos= \"slide-right\" data-aos-duration=\"400\" data-aos-delay=\"0\" data-aos-easing=\"ease\" data-aos-once=\"true\" class=\"wp-block-uagb-advanced-heading uagb-block-6e92f3d3\"><h2 class=\"uagb-heading-text\">Ce que pensent nos clients<\/h2><\/div>\n\n\n\n<div class=\"wp-block-uagb-container uagb-block-upamyjle\">\n<div class=\"wp-block-uagb-container uagb-block-mxjzg6tr\">\n<div data-aos= \"slide-right\" data-aos-duration=\"400\" data-aos-delay=\"0\" data-aos-easing=\"ease\" data-aos-once=\"true\" class=\"wp-block-uagb-info-box uagb-block-ddu3ooxf uagb-infobox__content-wrap  uagb-infobox-icon-above-title uagb-infobox-image-valign-top wp-block-uagb-info-box--has-margin\"><div class=\"uagb-infobox-margin-wrapper\"><div class=\"uagb-ifb-content\"><div class=\"uagb-ifb-icon-wrap\"><svg xmlns=\"https:\/\/www.w3.org\/2000\/svg\" viewbox=\"0 0 448 512\"><path d=\"M96 224C84.72 224 74.05 226.3 64 229.9V224c0-35.3 28.7-64 64-64c17.67 0 32-14.33 32-32S145.7 96 128 96C57.42 96 0 153.4 0 224v96c0 53.02 42.98 96 96 96s96-42.98 96-96S149 224 96 224zM352 224c-11.28 0-21.95 2.305-32 5.879V224c0-35.3 28.7-64 64-64c17.67 0 32-14.33 32-32s-14.33-32-32-32c-70.58 0-128 57.42-128 128v96c0 53.02 42.98 96 96 96s96-42.98 96-96S405 224 352 224z\"><\/path><\/svg><\/div><div class=\"uagb-ifb-title-wrap\"><p class=\"uagb-ifb-title-prefix\">En tant que DJ, je vois beaucoup de bi\u00e8res circuler<br>lors des soir\u00e9es. Mais Le Marron ressort syst\u00e9matiquement<br>comme la r\u00e9f\u00e9rence. Les gens la demandent par nom.<\/p><p class=\"uagb-ifb-title\">J\u00e9r\u00f4me L.<\/p><\/div><\/div><\/div><\/div>\n<\/div>\n\n\n\n<div class=\"wp-block-uagb-container uagb-block-jf0ypcls\">\n<div data-aos= \"slide-right\" data-aos-duration=\"400\" data-aos-delay=\"0\" data-aos-easing=\"ease\" data-aos-once=\"true\" class=\"wp-block-uagb-info-box uagb-block-z0f9jkkl uagb-infobox__content-wrap  uagb-infobox-icon-above-title uagb-infobox-image-valign-top wp-block-uagb-info-box--has-margin\"><div class=\"uagb-infobox-margin-wrapper\"><div class=\"uagb-ifb-content\"><div class=\"uagb-ifb-icon-wrap\"><svg xmlns=\"https:\/\/www.w3.org\/2000\/svg\" viewbox=\"0 0 448 512\"><path d=\"M96 224C84.72 224 74.05 226.3 64 229.9V224c0-35.3 28.7-64 64-64c17.67 0 32-14.33 32-32S145.7 96 128 96C57.42 96 0 153.4 0 224v96c0 53.02 42.98 96 96 96s96-42.98 96-96S149 224 96 224zM352 224c-11.28 0-21.95 2.305-32 5.879V224c0-35.3 28.7-64 64-64c17.67 0 32-14.33 32-32s-14.33-32-32-32c-70.58 0-128 57.42-128 128v96c0 53.02 42.98 96 96 96s96-42.98 96-96S405 224 352 224z\"><\/path><\/svg><\/div><div class=\"uagb-ifb-title-wrap\"><p class=\"uagb-ifb-title-prefix\">J&rsquo;ai int\u00e9gr\u00e9 Le Marron Beer dans ma carte des bi\u00e8res artisanales. Et mes clients adorent son profil aromatique avec des notes de caramel, une finale longue. Un vrai plaisir!<\/p><p class=\"uagb-ifb-title\">Edwige D.<\/p><\/div><\/div><\/div><\/div>\n<\/div>\n\n\n\n<div class=\"wp-block-uagb-container uagb-block-aiy4jsrg\">\n<div data-aos= \"slide-right\" data-aos-duration=\"400\" data-aos-delay=\"0\" data-aos-easing=\"ease\" data-aos-once=\"true\" class=\"wp-block-uagb-info-box uagb-block-c16f125e uagb-infobox__content-wrap  uagb-infobox-icon-above-title uagb-infobox-image-valign-top wp-block-uagb-info-box--has-margin\"><div class=\"uagb-infobox-margin-wrapper\"><div class=\"uagb-ifb-content\"><div class=\"uagb-ifb-icon-wrap\"><svg xmlns=\"https:\/\/www.w3.org\/2000\/svg\" viewbox=\"0 0 448 512\"><path d=\"M96 224C84.72 224 74.05 226.3 64 229.9V224c0-35.3 28.7-64 64-64c17.67 0 32-14.33 32-32S145.7 96 128 96C57.42 96 0 153.4 0 224v96c0 53.02 42.98 96 96 96s96-42.98 96-96S149 224 96 224zM352 224c-11.28 0-21.95 2.305-32 5.879V224c0-35.3 28.7-64 64-64c17.67 0 32-14.33 32-32s-14.33-32-32-32c-70.58 0-128 57.42-128 128v96c0 53.02 42.98 96 96 96s96-42.98 96-96S405 224 352 224z\"><\/path><\/svg><\/div><div class=\"uagb-ifb-title-wrap\"><p class=\"uagb-ifb-title-prefix\">Le Marron Beer, c&rsquo;est la fiert\u00e9 qu\u00e9b\u00e9coise dans un verre. Depuis que je l&rsquo;ai d\u00e9couverte lors d&rsquo;un \u00e9v\u00e9nement \u00e0 Montr\u00e9al,<br>c&rsquo;est la seule bi\u00e8re que je commande pour mes r\u00e9ceptions. En plus, mes invit\u00e9s sont toujours \u00e9pat\u00e9s par son caract\u00e8re unique.<\/p><p class=\"uagb-ifb-title\">Kady A.<\/p><\/div><\/div><\/div><\/div>\n<\/div>\n<\/div>\n\n\n\n<div data-aos= \"slide-up\" data-aos-duration=\"400\" data-aos-delay=\"0\" data-aos-easing=\"ease\" data-aos-once=\"true\" class=\"wp-block-uagb-container uagb-block-9df821be alignfull uagb-is-root-container\"><div class=\"uagb-container-inner-blocks-wrap\">\n<div class=\"wp-block-uagb-buttons uagb-buttons__outer-wrap uagb-btn__default-btn uagb-btn-tablet__default-btn uagb-btn-mobile__default-btn uagb-block-05ae360b\"><div class=\"uagb-buttons__wrap uagb-buttons-layout-wrap\">\n<div class=\"wp-block-uagb-buttons-child uagb-buttons__outer-wrap uagb-block-b9327800 wp-block-button\"><div class=\"uagb-button__wrapper\"><a class=\"uagb-buttons-repeater wp-block-button__link\" aria-label=\"\" href=\"https:\/\/test.lemarronbeer.com\/en\/passer-une-commande\/\" rel=\"follow noopener\" target=\"_self\" role=\"button\"><div class=\"uagb-button__link\">Place an order<\/div><\/a><\/div><\/div>\n<\/div><\/div>\n<\/div><\/div>\n<\/div><\/div>\n\n\n\n<div class=\"wp-block-uagb-separator uagb-block-64a8a013\"><div class=\"wp-block-uagb-separator__inner\" style=\"--my-background-image:\"><\/div><\/div>\n\n\n\n<div class=\"wp-block-uagb-container uagb-block-d86d44c2 alignfull uagb-is-root-container\"><div class=\"uagb-container-inner-blocks-wrap\">\n<div data-aos= \"slide-right\" data-aos-duration=\"400\" data-aos-delay=\"0\" data-aos-easing=\"ease\" data-aos-once=\"true\" class=\"wp-block-uagb-advanced-heading uagb-block-c5d397d1\"><h2 class=\"uagb-heading-text\">Derniers articles<\/h2><\/div>\n\n\n<ul style=\"font-style:normal;font-weight:600;\" class=\"wp-block-latest-posts__list is-grid columns-3 has-dates has-link-color wp-elements-f123dd490fe22d4fe195e0b09bd5cb45 wp-block-latest-posts has-text-color has-ast-global-color-4-color\"><li><div class=\"wp-block-latest-posts__featured-image aligncenter\"><img loading=\"lazy\" decoding=\"async\" width=\"640\" height=\"427\" src=\"https:\/\/test.lemarronbeer.com\/wp-content\/uploads\/2026\/04\/deguster-la-biere.jpg\" class=\"attachment-large size-large wp-post-image\" alt=\"d\u00e9guster la bi\u00e8re\" style=\"\" srcset=\"https:\/\/test.lemarronbeer.com\/wp-content\/uploads\/2026\/04\/deguster-la-biere.jpg 640w, https:\/\/test.lemarronbeer.com\/wp-content\/uploads\/2026\/04\/deguster-la-biere-300x200.jpg 300w\" sizes=\"auto, (max-width: 640px) 100vw, 640px\" \/><\/div><a class=\"wp-block-latest-posts__post-title\" href=\"https:\/\/test.lemarronbeer.com\/en\/comment-bien-servir-le-marron-beer-le-guide-complet\/\">Comment bien servir Le Marron Beer : un guide<\/a><time datetime=\"2026-04-20T02:15:28+00:00\" class=\"wp-block-latest-posts__post-date\">April 20, 2026<\/time><div class=\"wp-block-latest-posts__post-excerpt\">Comment bien servir Le Marron Beer : un guide Cat\u00e9gorie : Gastronomie Une bi\u00e8re artisanale de qualit\u00e9 m\u00e9rite d&rsquo;\u00eatre servie dans les meilleures conditions. Voici le guide complet pour tirer le meilleur de chaque canette de Le Marron Beer. Le Marron Beer est une Lager Dor\u00e9e Premium qui s&rsquo;exprime pleinement entre 4 et 7 \u00b0C.\u2026 <a class=\"wp-block-latest-posts__read-more\" href=\"https:\/\/test.lemarronbeer.com\/en\/comment-bien-servir-le-marron-beer-le-guide-complet\/\" rel=\"noopener noreferrer\">Read more<span class=\"screen-reader-text\">: Comment bien servir Le Marron Beer : un guide<\/span><\/a><\/div><\/li>\n<li><div class=\"wp-block-latest-posts__featured-image aligncenter\"><img loading=\"lazy\" decoding=\"async\" width=\"1000\" height=\"626\" src=\"https:\/\/test.lemarronbeer.com\/wp-content\/uploads\/2026\/04\/biere-et-repas.jpg\" class=\"attachment-large size-large wp-post-image\" alt=\"bi\u00e8re et repas\" style=\"\" srcset=\"https:\/\/test.lemarronbeer.com\/wp-content\/uploads\/2026\/04\/biere-et-repas.jpg 1000w, https:\/\/test.lemarronbeer.com\/wp-content\/uploads\/2026\/04\/biere-et-repas-300x188.jpg 300w, https:\/\/test.lemarronbeer.com\/wp-content\/uploads\/2026\/04\/biere-et-repas-768x481.jpg 768w\" sizes=\"auto, (max-width: 1000px) 100vw, 1000px\" \/><\/div><a class=\"wp-block-latest-posts__post-title\" href=\"https:\/\/test.lemarronbeer.com\/en\/le-marron-beer-et-la-gastronomie-haitienne-5-accords-incontournables-2\/\">Le Marron Beer et la gastronomie ha\u00eftienne : 5 accords incontournables<\/a><time datetime=\"2026-04-19T17:31:47+00:00\" class=\"wp-block-latest-posts__post-date\">April 19, 2026<\/time><div class=\"wp-block-latest-posts__post-excerpt\">Le Marron Beer et la gastronomie ha\u00eftienne : 5 accords incontournables Cat\u00e9gorie : Gastronomie L&rsquo;accord entre la bi\u00e8re et la gastronomie est un art en pleine renaissance. En 2018, Anastasia Eschevins, une jeune chercheuse en sciences de l&rsquo;alimentation, dans sa th\u00e8se soutenue \u00e0 l&rsquo;Universit\u00e9 Bourgogne Franche-Comt\u00e9, a d\u00e9montr\u00e9 qu&rsquo;une similarit\u00e9 aromatique entre un mets et\u2026 <a class=\"wp-block-latest-posts__read-more\" href=\"https:\/\/test.lemarronbeer.com\/en\/le-marron-beer-et-la-gastronomie-haitienne-5-accords-incontournables-2\/\" rel=\"noopener noreferrer\">Read more<span class=\"screen-reader-text\">: Le Marron Beer et la gastronomie ha\u00eftienne : 5 accords incontournables<\/span><\/a><\/div><\/li>\n<li><div class=\"wp-block-latest-posts__featured-image aligncenter\"><img loading=\"lazy\" decoding=\"async\" width=\"1024\" height=\"928\" src=\"https:\/\/test.lemarronbeer.com\/wp-content\/uploads\/2026\/04\/negmawon-1024x928.png\" class=\"attachment-large size-large wp-post-image\" alt=\"negmawon\" style=\"\" srcset=\"https:\/\/test.lemarronbeer.com\/wp-content\/uploads\/2026\/04\/negmawon-1024x928.png 1024w, https:\/\/test.lemarronbeer.com\/wp-content\/uploads\/2026\/04\/negmawon-300x272.png 300w, https:\/\/test.lemarronbeer.com\/wp-content\/uploads\/2026\/04\/negmawon-768x696.png 768w, https:\/\/test.lemarronbeer.com\/wp-content\/uploads\/2026\/04\/negmawon-1536x1392.png 1536w, https:\/\/test.lemarronbeer.com\/wp-content\/uploads\/2026\/04\/negmawon-2048x1856.png 2048w\" sizes=\"auto, (max-width: 1024px) 100vw, 1024px\" \/><\/div><a class=\"wp-block-latest-posts__post-title\" href=\"https:\/\/test.lemarronbeer.com\/en\/le-marron-inconnu-5-000-ans-dhistoire-dans-chaque-gorgee\/\">Le Marron Inconnu : 5 000 ans d&rsquo;histoire dans chaque gorg\u00e9e<\/a><time datetime=\"2026-04-19T13:38:59+00:00\" class=\"wp-block-latest-posts__post-date\">April 19, 2026<\/time><div class=\"wp-block-latest-posts__post-excerpt\">Le Marron Inconnu : 5 000 ans d&rsquo;histoire dans chaque gorg\u00e9e Cat\u00e9gorie : Culture et H\u00e9ritage La bi\u00e8re est probablement la boisson ferment\u00e9e la plus ancienne \u00e9labor\u00e9e par les humains. On en retrouve les premi\u00e8res traces chez les Sum\u00e9riens de M\u00e9sopotamie, vers 3 000 \u00e0 4 000 ans avant J.-C., appel\u00e9e sikaru, \u00ab pain liquide\u2026 <a class=\"wp-block-latest-posts__read-more\" href=\"https:\/\/test.lemarronbeer.com\/en\/le-marron-inconnu-5-000-ans-dhistoire-dans-chaque-gorgee\/\" rel=\"noopener noreferrer\">Read more<span class=\"screen-reader-text\">: Le Marron Inconnu : 5 000 ans d&rsquo;histoire dans chaque gorg\u00e9e<\/span><\/a><\/div><\/li>\n<\/ul><\/div><\/div>","protected":false},"excerpt":{"rendered":"<p>Le Marron Inconnu : un symbole de libert\u00e9 Le Marron est n\u00e9 d\u2019une vision : cr\u00e9er une bi\u00e8re qui raconte [&hellip;]<\/p>\n","protected":false},"author":2,"featured_media":0,"parent":0,"menu_order":0,"comment_status":"closed","ping_status":"closed","template":"","meta":{"_gspb_post_css":"","_uag_custom_page_level_css":"","_monsterinsights_skip_tracking":false,"_monsterinsights_sitenote_active":false,"_monsterinsights_sitenote_note":"","_monsterinsights_sitenote_category":0,"site-sidebar-layout":"default","site-content-layout":"","ast-site-content-layout":"default","site-content-style":"default","site-sidebar-style":"default","ast-global-header-display":"","ast-banner-title-visibility":"","ast-main-header-display":"","ast-hfb-above-header-display":"","ast-hfb-below-header-display":"","ast-hfb-mobile-header-display":"","site-post-title":"disabled","ast-breadcrumbs-content":"","ast-featured-img":"","footer-sml-layout":"","ast-disable-related-posts":"","theme-transparent-header-meta":"","adv-header-id-meta":"","stick-header-meta":"","header-above-stick-meta":"","header-main-stick-meta":"","header-below-stick-meta":"","astra-migrate-meta-layouts":"default","ast-page-background-enabled":"default","ast-page-background-meta":{"desktop":{"background-color":"var(--ast-global-color-5)","background-image":"","background-repeat":"repeat","background-position":"center center","background-size":"auto","background-attachment":"scroll","background-type":"","background-media":"","overlay-type":"","overlay-color":"","overlay-opacity":"","overlay-gradient":""},"tablet":{"background-color":"","background-image":"","background-repeat":"repeat","background-position":"center center","background-size":"auto","background-attachment":"scroll","background-type":"","background-media":"","overlay-type":"","overlay-color":"","overlay-opacity":"","overlay-gradient":""},"mobile":{"background-color":"","background-image":"","background-repeat":"repeat","background-position":"center center","background-size":"auto","background-attachment":"scroll","background-type":"","background-media":"","overlay-type":"","overlay-color":"","overlay-opacity":"","overlay-gradient":""}},"ast-content-background-meta":{"desktop":{"background-color":"var(--ast-global-color-4)","background-image":"","background-repeat":"repeat","background-position":"center center","background-size":"auto","background-attachment":"scroll","background-type":"","background-media":"","overlay-type":"","overlay-color":"","overlay-opacity":"","overlay-gradient":""},"tablet":{"background-color":"var(--ast-global-color-4)","background-image":"","background-repeat":"repeat","background-position":"center center","background-size":"auto","background-attachment":"scroll","background-type":"","background-media":"","overlay-type":"","overlay-color":"","overlay-opacity":"","overlay-gradient":""},"mobile":{"background-color":"var(--ast-global-color-4)","background-image":"","background-repeat":"repeat","background-position":"center center","background-size":"auto","background-attachment":"scroll","background-type":"","background-media":"","overlay-type":"","overlay-color":"","overlay-opacity":"","overlay-gradient":""}},"footnotes":""},"class_list":["post-1482","page","type-page","status-publish","hentry"],"aioseo_notices":[],"uagb_featured_image_src":{"full":false,"thumbnail":false,"medium":false,"medium_large":false,"large":false,"1536x1536":false,"2048x2048":false,"trp-custom-language-flag":false},"uagb_author_info":{"display_name":"lemarronbeer","author_link":"https:\/\/test.lemarronbeer.com\/en\/author\/lemarronbeer\/"},"uagb_comment_info":0,"uagb_excerpt":"Le Marron Inconnu : un symbole de libert\u00e9 Le Marron est n\u00e9 d\u2019une vision : cr\u00e9er une bi\u00e8re qui raconte [&hellip;]","_links":{"self":[{"href":"https:\/\/test.lemarronbeer.com\/en\/wp-json\/wp\/v2\/pages\/1482","targetHints":{"allow":["GET"]}}],"collection":[{"href":"https:\/\/test.lemarronbeer.com\/en\/wp-json\/wp\/v2\/pages"}],"about":[{"href":"https:\/\/test.lemarronbeer.com\/en\/wp-json\/wp\/v2\/types\/page"}],"author":[{"embeddable":true,"href":"https:\/\/test.lemarronbeer.com\/en\/wp-json\/wp\/v2\/users\/2"}],"replies":[{"embeddable":true,"href":"https:\/\/test.lemarronbeer.com\/en\/wp-json\/wp\/v2\/comments?post=1482"}],"version-history":[{"count":64,"href":"https:\/\/test.lemarronbeer.com\/en\/wp-json\/wp\/v2\/pages\/1482\/revisions"}],"predecessor-version":[{"id":2164,"href":"https:\/\/test.lemarronbeer.com\/en\/wp-json\/wp\/v2\/pages\/1482\/revisions\/2164"}],"wp:attachment":[{"href":"https:\/\/test.lemarronbeer.com\/en\/wp-json\/wp\/v2\/media?parent=1482"}],"curies":[{"name":"wp","href":"https:\/\/api.w.org\/{rel}","templated":true}]}}