{"id":1460,"date":"2026-03-11T07:04:31","date_gmt":"2026-03-11T07:04:31","guid":{"rendered":"https:\/\/test.lemarronbeer.com\/?page_id=1460"},"modified":"2026-03-16T15:28:56","modified_gmt":"2026-03-16T15:28:56","slug":"passer-une-commande","status":"publish","type":"page","link":"https:\/\/test.lemarronbeer.com\/en\/passer-une-commande\/","title":{"rendered":"Place an order"},"content":{"rendered":"\n<div class=\"wp-block-uagb-container uagb-layout-grid uagb-block-991f0e1a alignfull uagb-is-root-container\"><div class=\"uagb-container-inner-blocks-wrap\">\n<div data-aos= \"slide-right\" data-aos-duration=\"400\" data-aos-delay=\"0\" data-aos-easing=\"ease\" data-aos-once=\"true\" class=\"wp-block-uagb-advanced-heading uagb-block-1c0f503c\"><h2 class=\"uagb-heading-text\">Passer une commande<\/h2><\/div>\n\n\n\n<div class=\"wp-block-uagb-advanced-heading uagb-block-494f68eb\"><p class=\"uagb-heading-text\"><strong>Comment passer une commande ?<\/strong><br><br><strong>1. <\/strong>Remplissez le formulaire avec vos coordonn\u00e9es et le nombre de caisses souhait\u00e9 pour passer votre commande.<br><strong>2.<\/strong> Ensuite, notre \u00e9quipe vous contacte dans les 24 \u00e0 48 heures pour confirmer les disponibilit\u00e9s, vous communiquer le tarif selon votre volume et pour convenir de la livraison.<br><strong>3. <\/strong>Enfin, apr\u00e8s que vous ayez confirm\u00e9 les d\u00e9tails, nous livrons. Simple et sans surprise.<br>&nbsp;<br>Pour toute question avant de commander : contactez-nous via la page <a href=\"https:\/\/test.lemarronbeer.com\/contact\/\" title=\"Contact\">Contact<\/a>.<\/p><\/div>\n\n\n\t\t\t\t<div class = \"wp-block-uagb-lottie\">\n\t\t\t\t\t<div class = \"uagb-block-a274f8e6 uagb-lottie__outer-wrap uagb-lottie__center    \" style=\"\">\n\t\t\t\t\t<\/div>\n\t\t\t\t<\/div>\n\t\t\t\n\n\n<div class=\"wp-block-uagb-container uagb-layout-grid uagb-block-52ac1921\"><div class=\"frm_forms  with_frm_style frm_style_formidable-style\" id=\"frm_form_2_container\" data-token=\"97578c73017ba909024230039500b2c7\">\n<form enctype=\"multipart\/form-data\" method=\"post\" class=\"frm-show-form \" id=\"form_passer-une-commande\" data-token=\"97578c73017ba909024230039500b2c7\">\n<div class=\"frm_form_fields \">\n<fieldset>\n<legend class=\"frm_screen_reader\">Passer une commande<\/legend>\r\n\r\n<div class=\"frm_fields_container\">\n<input type=\"hidden\" name=\"frm_action\" value=\"create\" \/>\n<input type=\"hidden\" name=\"form_id\" value=\"2\" \/>\n<input type=\"hidden\" name=\"frm_hide_fields_2\" id=\"frm_hide_fields_2\" value=\"\" \/>\n<input type=\"hidden\" name=\"form_key\" value=\"passer-une-commande\" \/>\n<input type=\"hidden\" name=\"item_meta[0]\" value=\"\" \/>\n<input type=\"hidden\" id=\"frm_submit_entry_2\" name=\"frm_submit_entry_2\" value=\"4f2287ee36\" \/><input type=\"hidden\" name=\"_wp_http_referer\" value=\"\/en\/wp-json\/wp\/v2\/pages\/1460\" \/><div id=\"frm_field_6_container\" class=\"frm_form_field form-field  frm_required_field frm_top_container frm_first frm_half\">\r\n    <label for=\"field_qh4icy244\" id=\"field_qh4icy244_label\" class=\"frm_primary_label\">Pr\u00e9nom\r\n        <span class=\"frm_required\">*<\/span>\r\n    <\/label>\r\n    <input type=\"text\" id=\"field_qh4icy244\" name=\"item_meta[6]\" value=\"\"  data-reqmsg=\"Champ obligatoire\" aria-required=\"true\" data-invmsg=\"Pr\u00e9nom is invalid\" aria-invalid=\"false\"  \/>\r\n    \r\n    \r\n<\/div>\n<div id=\"frm_field_7_container\" class=\"frm_form_field form-field  frm_required_field frm_top_container frm_half\">\r\n    <label for=\"field_ocfup15\" id=\"field_ocfup15_label\" class=\"frm_primary_label\">Nom\r\n        <span class=\"frm_required\">*<\/span>\r\n    <\/label>\r\n    <input type=\"text\" id=\"field_ocfup15\" name=\"item_meta[7]\" value=\"\"  data-reqmsg=\"Champ obligatoire\" aria-required=\"true\" data-invmsg=\"Nom is invalid\" aria-invalid=\"false\"  \/>\r\n    \r\n    \r\n<\/div>\n<div id=\"frm_field_9_container\" class=\"frm_form_field form-field  frm_required_field frm_top_container frm6 frm_first\">\r\n    <label for=\"field_29yf4d5\" id=\"field_29yf4d5_label\" class=\"frm_primary_label\">E-mail\r\n        <span class=\"frm_required\">*<\/span>\r\n    <\/label>\r\n    <input type=\"email\" id=\"field_29yf4d5\" name=\"item_meta[9]\" value=\"\"  data-reqmsg=\"Champ obligatoire\" aria-required=\"true\" data-invmsg=\"Veuillez saisir un e-mail valide\" aria-invalid=\"false\"  \/>\r\n    \r\n    \r\n<\/div>\n<div id=\"frm_field_10_container\" class=\"frm_form_field form-field  frm_required_field frm_top_container frm6\">\r\n    <label for=\"field_gzdza3\" id=\"field_gzdza3_label\" class=\"frm_primary_label\">Num\u00e9ro de t\u00e9l\u00e9phone\r\n        <span class=\"frm_required\">*<\/span>\r\n    <\/label>\r\n    <input type=\"tel\" id=\"field_gzdza3\" name=\"item_meta[10]\" value=\"\"  data-reqmsg=\"Champ obligatoire\" aria-required=\"true\" data-invmsg=\"Num\u00e9ro de t\u00e9l\u00e9phone est invalide\" aria-invalid=\"false\" pattern=\"\\d\\d\\d \\d\\d\\d-\\d\\d\\d\\d$\"   aria-describedby=\"frm_desc_field_gzdza3\"\/>\r\n    <div class=\"frm_description\" id=\"frm_desc_field_gzdza3\">123 456-7890<\/div>\r\n    \r\n<\/div>\n<div id=\"frm_field_18_container\" class=\"frm_form_field form-field  frm_required_field frm_top_container frm12 frm_first\">\r\n\t<label for=\"field_ygg3h\" id=\"field_ygg3h_label\" class=\"frm_primary_label\">Adresse\r\n\t\t<span class=\"frm_required\" aria-hidden=\"true\">*<\/span>\r\n\t<\/label>\r\n\t<input type=\"text\" id=\"field_ygg3h\" name=\"item_meta[18]\" value=\"\"  data-reqmsg=\"Adresse cannot be blank.\" aria-required=\"true\" data-invmsg=\"Adresse is invalid\" aria-invalid=\"false\"   aria-describedby=\"frm_desc_field_ygg3h\"\/>\r\n\t<div class=\"frm_description\" id=\"frm_desc_field_ygg3h\">num\u00e9ro, rue, app., ville, province, code postal<\/div>\r\n\t\r\n<\/div>\n<div id=\"frm_field_13_container\" class=\"frm_form_field form-field  frm_required_field frm_top_container\">\r\n\t<label for=\"field_gr6o1\" id=\"field_gr6o1_label\" class=\"frm_primary_label\">Nombre de caisses\r\n\t\t<span class=\"frm_required\" aria-hidden=\"true\">*<\/span>\r\n\t<\/label>\r\n\t\t\t<select name=\"item_meta[13]\" id=\"field_gr6o1\"  data-reqmsg=\"Champ obligatoire\" aria-required=\"true\" data-invmsg=\"Nombre de caisses est invalide\" aria-invalid=\"false\"  >\n\t\t<option  value=\"\" selected='selected'> <\/option><option  value=\"1\">1<\/option><option  value=\"2\">2<\/option><option  value=\"3\">3<\/option><option  value=\"4\">4<\/option><option  value=\"5\">5<\/option><option  value=\"6\">6<\/option><option  value=\"7\">7<\/option><option  value=\"8\">8<\/option><option  value=\"9\">9<\/option><option  value=\"10\">10<\/option><option  value=\"11\">11<\/option><option  value=\"12\">12<\/option><option  value=\"13\">13<\/option><option  value=\"14\">14<\/option><option  value=\"15\">15<\/option><option  value=\"16\">16<\/option><option  value=\"17\">17<\/option><option  value=\"18\">18<\/option><option  value=\"19\">19<\/option><option  value=\"20\">20<\/option><option  value=\"21\">21<\/option><option  value=\"22\">22<\/option><option  value=\"23\">23<\/option><option  value=\"24\">24<\/option>\t<\/select>\n\t\r\n\t\r\n\t\r\n<\/div>\n<div id=\"frm_field_11_container\" class=\"frm_form_field form-field  frm_top_container frm_full\">\r\n    <label for=\"field_9jv0r14\" id=\"field_9jv0r14_label\" class=\"frm_primary_label\">Commentaire\r\n        <span class=\"frm_required\"><\/span>\r\n    <\/label>\r\n    <textarea name=\"item_meta[11]\" id=\"field_9jv0r14\" rows=\"5\"  data-invmsg=\"Commentaire is invalid\" aria-invalid=\"false\"   aria-describedby=\"frm_desc_field_9jv0r14\"><\/textarea>\r\n    <div class=\"frm_description\" id=\"frm_desc_field_9jv0r14\">Vous pouvez laisser un commentaire si vous avez une pr\u00e9occupation par rapport \u00e0 votre commande.<\/div>\r\n    \r\n<\/div>\n<div id=\"frm_field_14_container\" class=\"frm_form_field form-field  frm_required_field frm_top_container\">\r\n\t<div  id=\"field_a3xja_label\" class=\"frm_primary_label\">\r\n\t\t<span class=\"frm_required\" aria-hidden=\"true\">*<\/span>\r\n\t<\/div>\r\n\t\n<div class=\"frm_checkbox\" role=\"group\" aria-labelledby=\"frm-gdpr-accept-14\">\n\t<label for=\"frm-gdpr-accept-14\">\n\t\t<input type=\"checkbox\" aria-required=\"true\" name=\"item_meta[14]\" id=\"frm-gdpr-accept-14\" value=\"1\" \n\t\t \t\t data-reqmsg=\"Ce champ est obligatoire\" aria-required=\"true\" data-invmsg=\"This field is invalid\" aria-invalid=\"false\"  \t\t\/>\n\t\tJ&rsquo;ai lu et j&rsquo;accepte les Conditions G\u00e9n\u00e9rales de Vente, les Conditions G\u00e9n\u00e9rales d&rsquo;Utilisation et la Politique de Confidentialit\u00e9.\t<\/label>\n<\/div>\n\r\n\t\r\n\t\r\n<\/div>\n<div id=\"frm_field_15_container\" class=\"frm_form_field form-field  frm_none_container\">\r\n\t<label for=\"g-recaptcha-response\" id=\"field_2g7cz_label\" class=\"frm_primary_label\">Captcha\r\n\t\t<span class=\"frm_required\" aria-hidden=\"true\"><\/span>\r\n\t<\/label>\r\n\t<div  id=\"field_2g7cz\" class=\"frm-g-recaptcha\" data-sitekey=\"6Ldwx4csAAAAAH7BkzmUehUmxunrkjZdFh8BTUiS\" data-size=\"invisible\" data-theme=\"light\"><\/div>\r\n\t\r\n\t\r\n<\/div>\n<div id=\"frm_field_12_container\" class=\"frm_form_field form-field \">\r\n\t<div class=\"frm_submit\">\r\n\r\n<button class=\"frm_button_submit\" type=\"submit\"  >Envoyer ma commande<\/button>\r\n\r\n<\/div>\r\n<\/div>\n\t<input type=\"hidden\" name=\"item_key\" value=\"\" \/>\n\t\t\t<div id=\"frm_field_19_container\">\n\t\t\t<label for=\"field_19bsb\" >\n\t\t\t\tIf you are human, leave this field blank.\t\t\t<\/label>\n\t\t\t<input  id=\"field_19bsb\" type=\"text\" class=\"frm_form_field form-field frm_verify\" name=\"item_meta[19]\" value=\"\"  \/>\n\t\t<\/div>\n\t\t<input name=\"frm_state\" type=\"hidden\" value=\"zogiHyCpO5J13DBmmaUtbnZrn00bbAzpBy\/d6dBrrZA=\" \/><\/div>\n<\/fieldset>\n<\/div>\n\n<\/form>\n<\/div>\n<\/div>\n<\/div><\/div>\n","protected":false},"excerpt":{"rendered":"<p>Passer une commande Comment passer une commande ? 1. Remplissez le formulaire avec vos coordonn\u00e9es et le nombre de caisses [&hellip;]<\/p>\n","protected":false},"author":2,"featured_media":0,"parent":0,"menu_order":0,"comment_status":"closed","ping_status":"closed","template":"","meta":{"_gspb_post_css":"","_uag_custom_page_level_css":"","_monsterinsights_skip_tracking":false,"_monsterinsights_sitenote_active":false,"_monsterinsights_sitenote_note":"","_monsterinsights_sitenote_category":0,"site-sidebar-layout":"default","site-content-layout":"","ast-site-content-layout":"default","site-content-style":"default","site-sidebar-style":"default","ast-global-header-display":"","ast-banner-title-visibility":"","ast-main-header-display":"","ast-hfb-above-header-display":"","ast-hfb-below-header-display":"","ast-hfb-mobile-header-display":"","site-post-title":"disabled","ast-breadcrumbs-content":"","ast-featured-img":"","footer-sml-layout":"","ast-disable-related-posts":"","theme-transparent-header-meta":"","adv-header-id-meta":"","stick-header-meta":"","header-above-stick-meta":"","header-main-stick-meta":"","header-below-stick-meta":"","astra-migrate-meta-layouts":"default","ast-page-background-enabled":"default","ast-page-background-meta":{"desktop":{"background-color":"var(--ast-global-color-5)","background-image":"","background-repeat":"repeat","background-position":"center center","background-size":"auto","background-attachment":"scroll","background-type":"","background-media":"","overlay-type":"","overlay-color":"","overlay-opacity":"","overlay-gradient":""},"tablet":{"background-color":"","background-image":"","background-repeat":"repeat","background-position":"center center","background-size":"auto","background-attachment":"scroll","background-type":"","background-media":"","overlay-type":"","overlay-color":"","overlay-opacity":"","overlay-gradient":""},"mobile":{"background-color":"","background-image":"","background-repeat":"repeat","background-position":"center center","background-size":"auto","background-attachment":"scroll","background-type":"","background-media":"","overlay-type":"","overlay-color":"","overlay-opacity":"","overlay-gradient":""}},"ast-content-background-meta":{"desktop":{"background-color":"var(--ast-global-color-4)","background-image":"","background-repeat":"repeat","background-position":"center center","background-size":"auto","background-attachment":"scroll","background-type":"","background-media":"","overlay-type":"","overlay-color":"","overlay-opacity":"","overlay-gradient":""},"tablet":{"background-color":"var(--ast-global-color-4)","background-image":"","background-repeat":"repeat","background-position":"center center","background-size":"auto","background-attachment":"scroll","background-type":"","background-media":"","overlay-type":"","overlay-color":"","overlay-opacity":"","overlay-gradient":""},"mobile":{"background-color":"var(--ast-global-color-4)","background-image":"","background-repeat":"repeat","background-position":"center center","background-size":"auto","background-attachment":"scroll","background-type":"","background-media":"","overlay-type":"","overlay-color":"","overlay-opacity":"","overlay-gradient":""}},"footnotes":""},"class_list":["post-1460","page","type-page","status-publish","hentry"],"aioseo_notices":[],"uagb_featured_image_src":{"full":false,"thumbnail":false,"medium":false,"medium_large":false,"large":false,"1536x1536":false,"2048x2048":false,"trp-custom-language-flag":false},"uagb_author_info":{"display_name":"lemarronbeer","author_link":"https:\/\/test.lemarronbeer.com\/en\/author\/lemarronbeer\/"},"uagb_comment_info":0,"uagb_excerpt":"Passer une commande Comment passer une commande ? 1. Remplissez le formulaire avec vos coordonn\u00e9es et le nombre de caisses [&hellip;]","_links":{"self":[{"href":"https:\/\/test.lemarronbeer.com\/en\/wp-json\/wp\/v2\/pages\/1460","targetHints":{"allow":["GET"]}}],"collection":[{"href":"https:\/\/test.lemarronbeer.com\/en\/wp-json\/wp\/v2\/pages"}],"about":[{"href":"https:\/\/test.lemarronbeer.com\/en\/wp-json\/wp\/v2\/types\/page"}],"author":[{"embeddable":true,"href":"https:\/\/test.lemarronbeer.com\/en\/wp-json\/wp\/v2\/users\/2"}],"replies":[{"embeddable":true,"href":"https:\/\/test.lemarronbeer.com\/en\/wp-json\/wp\/v2\/comments?post=1460"}],"version-history":[{"count":53,"href":"https:\/\/test.lemarronbeer.com\/en\/wp-json\/wp\/v2\/pages\/1460\/revisions"}],"predecessor-version":[{"id":1962,"href":"https:\/\/test.lemarronbeer.com\/en\/wp-json\/wp\/v2\/pages\/1460\/revisions\/1962"}],"wp:attachment":[{"href":"https:\/\/test.lemarronbeer.com\/en\/wp-json\/wp\/v2\/media?parent=1460"}],"curies":[{"name":"wp","href":"https:\/\/api.w.org\/{rel}","templated":true}]}}