{"id":1268,"date":"2026-03-10T09:58:22","date_gmt":"2026-03-10T09:58:22","guid":{"rendered":"https:\/\/test.lemarronbeer.com\/?page_id=1268"},"modified":"2026-03-15T16:33:16","modified_gmt":"2026-03-15T16:33:16","slug":"notre-biere","status":"publish","type":"page","link":"https:\/\/test.lemarronbeer.com\/en\/notre-biere\/","title":{"rendered":"Our Beer"},"content":{"rendered":"\n<div class=\"wp-block-uagb-container uagb-block-973cec76 alignfull uagb-is-root-container\"><div class=\"uagb-container-inner-blocks-wrap\">\n<div data-aos= \"slide-right\" data-aos-duration=\"400\" data-aos-delay=\"0\" data-aos-easing=\"ease\" data-aos-once=\"true\" class=\"wp-block-uagb-advanced-heading uagb-block-58384703\"><h2 class=\"uagb-heading-text\">Notre Bi\u00e8re<\/h2><\/div>\n\n\n\n<div class=\"wp-block-uagb-container uagb-layout-grid uagb-block-8c843c8f\">\n<div data-aos= \"fade-up\" data-aos-duration=\"400\" data-aos-delay=\"0\" data-aos-easing=\"ease\" data-aos-once=\"true\" class=\"wp-block-uagb-info-box uagb-block-a494fc0c uagb-infobox__content-wrap  uagb-infobox-icon-above-title uagb-infobox-image-valign-top\"><div class=\"uagb-ifb-content\"><div class=\"uagb-ifb-title-wrap\"><p class=\"uagb-ifb-title\">Le Marron Beer &#8211; L&rsquo;\u00e9l\u00e9gance d&rsquo;un go\u00fbt libre<\/p><\/div><p class=\"uagb-ifb-desc\">Il existe des bi\u00e8res que l\u2019on boit et d\u2019autres que l\u2019on ressent.&nbsp;Le Marron appartient \u00e0 la seconde cat\u00e9gorie. Car, d\u00e8s le premier verre vers\u00e9, elle s\u2019impose par sa couleur, par son parfum, par la promesse silencieuse que fait sa mousse g\u00e9n\u00e9reuse. Ainsi, avant m\u00eame la premi\u00e8re gorg\u00e9e, elle vous dit quelque&nbsp;chose. Elle vous dit qu\u2019elle a du caract\u00e8re. Chaque goulot ravive la fiert\u00e9, la r\u00e9silience et la libert\u00e9 en vous.<br><br>Alors, que ce soit pour un mariage grandiose, un festival anim\u00e9 ou une soir\u00e9e entre proches, Le Marron s\u2019invite \u00e0 chaque moment fort de la vie.<\/p><\/div><\/div>\n\n\n\n<div data-aos= \"slide-left\" data-aos-duration=\"400\" data-aos-delay=\"0\" data-aos-easing=\"ease\" data-aos-once=\"true\" class=\"wp-block-uagb-image uagb-block-a528f808 wp-block-uagb-image--layout-default wp-block-uagb-image--effect-grayscale wp-block-uagb-image--align-none\"><figure class=\"wp-block-uagb-image__figure\"><img decoding=\"async\" srcset=\"https:\/\/test.lemarronbeer.com\/wp-content\/uploads\/2026\/03\/Le-Marron-Biere-1024x971.png ,https:\/\/test.lemarronbeer.com\/wp-content\/uploads\/2026\/03\/Le-Marron-Biere.png 780w, https:\/\/test.lemarronbeer.com\/wp-content\/uploads\/2026\/03\/Le-Marron-Biere.png 360w\" sizes=\"auto, (max-width: 480px) 150px\" src=\"https:\/\/test.lemarronbeer.com\/wp-content\/uploads\/2026\/03\/Le-Marron-Biere-1024x971.png\" alt=\"Le Marron Beer\" class=\"uag-image-1305\" width=\"797\" height=\"756\" title=\"Bi\u00e8re Le Marron\" loading=\"lazy\" role=\"img\"\/><\/figure><\/div>\n<\/div>\n\n\n\n<div class=\"wp-block-uagb-container uagb-layout-grid uagb-block-d0413c07\">\n<div data-aos= \"fade-right\" data-aos-duration=\"400\" data-aos-delay=\"0\" data-aos-easing=\"ease\" data-aos-once=\"true\" class=\"wp-block-uagb-advanced-heading uagb-block-f91ea3c5\"><h2 class=\"uagb-heading-text\">Couleur<\/h2><p class=\"uagb-desc-text\">Ambre limpide, reflets dor\u00e9s, belle transparence en verre<\/p><\/div>\n\n\n\n<div data-aos= \"fade-up\" data-aos-duration=\"400\" data-aos-delay=\"0\" data-aos-easing=\"ease\" data-aos-once=\"true\" class=\"wp-block-uagb-advanced-heading uagb-block-263fe717\"><h2 class=\"uagb-heading-text\">Ar\u00f4mes<\/h2><p class=\"uagb-desc-text\">Notes de malt caramel\u00e9, l\u00e9g\u00e8re touche florale, soupcon de miel doux<\/p><\/div>\n\n\n\n<div data-aos= \"fade-left\" data-aos-duration=\"400\" data-aos-delay=\"0\" data-aos-easing=\"ease\" data-aos-once=\"true\" class=\"wp-block-uagb-advanced-heading uagb-block-b7a88173\"><h2 class=\"uagb-heading-text\">Go\u00fbt<\/h2><p class=\"uagb-desc-text\">Attaque douce et ronde, corps malteux \u00e9quilibr\u00e9, finale fra\u00eeche et l\u00e9g\u00e8rement houblonn\u00e9e<\/p><\/div>\n<\/div>\n\n\n\n<div class=\"wp-block-uagb-container uagb-layout-grid uagb-block-fe490ea1\">\n<div data-aos= \"slide-right\" data-aos-duration=\"400\" data-aos-delay=\"0\" data-aos-easing=\"ease\" data-aos-once=\"true\" class=\"wp-block-uagb-image uagb-block-a48bdd1a wp-block-uagb-image--layout-default wp-block-uagb-image--effect-grayscale wp-block-uagb-image--align-none\"><figure class=\"wp-block-uagb-image__figure\"><img decoding=\"async\" srcset=\"https:\/\/test.lemarronbeer.com\/wp-content\/uploads\/2026\/03\/Le-Marron-Beer-en-verre.png ,https:\/\/test.lemarronbeer.com\/wp-content\/uploads\/2026\/03\/Le-Marron-Beer-en-verre.png 780w, https:\/\/test.lemarronbeer.com\/wp-content\/uploads\/2026\/03\/Le-Marron-Beer-en-verre.png 360w\" sizes=\"auto, (max-width: 480px) 150px\" src=\"https:\/\/test.lemarronbeer.com\/wp-content\/uploads\/2026\/03\/Le-Marron-Beer-en-verre.png\" alt=\"\" class=\"uag-image-1357\" width=\"912\" height=\"1181\" title=\"\" loading=\"lazy\" role=\"presentation\"\/><\/figure><\/div>\n\n\n\n<div data-aos= \"fade-left\" data-aos-duration=\"400\" data-aos-delay=\"0\" data-aos-easing=\"ease\" data-aos-once=\"true\" class=\"wp-block-uagb-info-box uagb-block-19800ad8 uagb-infobox__content-wrap  uagb-infobox-icon-above-title uagb-infobox-image-valign-top\"><div class=\"uagb-ifb-content\"><div class=\"uagb-ifb-title-wrap\"><p class=\"uagb-ifb-title\">De la vraie mousse de bi\u00e8re\u200b<\/p><\/div><p class=\"uagb-ifb-desc\">La mousse de Le Marron est l\u2019un de ses premiers cadeaux. Cr\u00e9meuse, dense, d\u2019un blanc l\u00e9g\u00e8rement ivoire, elle se forme g\u00e9n\u00e9reusement \u00e0 la verse et tient. Par cons\u00e9quent, elle ne dispara\u00eet pas en quelques secondes comme une promesse non tenue, mais elle reste, ferme et enveloppante, couronnant le verre avec une belle persistance.<\/p><\/div><\/div>\n<\/div>\n\n\n\n<div class=\"wp-block-uagb-separator uagb-block-1c804edd\"><div class=\"wp-block-uagb-separator__inner\" style=\"--my-background-image:\"><\/div><\/div>\n\n\n\n<div class=\"wp-block-uagb-container uagb-layout-grid uagb-block-992d8dd8\">\n<div data-aos= \"fade-right\" data-aos-duration=\"400\" data-aos-delay=\"0\" data-aos-easing=\"ease\" data-aos-once=\"true\" class=\"wp-block-uagb-info-box uagb-block-79a1ccf7 uagb-infobox__content-wrap  uagb-infobox-icon-above-title uagb-infobox-image-valign-top\"><div class=\"uagb-ifb-content\"><div class=\"uagb-ifb-title-wrap\"><p class=\"uagb-ifb-title\">La bi\u00e8re des unions\u200b<\/p><\/div><p class=\"uagb-ifb-desc\">Notre bi\u00e8re sublime les r\u00e9ceptions de mariage avec son \u00e9l\u00e9gance naturelle : bars ouverts, coupes de d\u00e9gustation et service premium pour les grands jours.<\/p><\/div><\/div>\n\n\n\n<div data-aos= \"fade-left\" data-aos-duration=\"400\" data-aos-delay=\"0\" data-aos-easing=\"ease\" data-aos-once=\"true\" class=\"wp-block-uagb-image uagb-block-f26d4c88 wp-block-uagb-image--layout-default wp-block-uagb-image--effect-zoomin wp-block-uagb-image--align-none\"><figure class=\"wp-block-uagb-image__figure\"><img decoding=\"async\" srcset=\"https:\/\/test.lemarronbeer.com\/wp-content\/uploads\/2026\/03\/Le-Marron-Beer-dans-les-mariages-1024x572.png ,https:\/\/test.lemarronbeer.com\/wp-content\/uploads\/2026\/03\/Le-Marron-Beer-dans-les-mariages.png 780w, https:\/\/test.lemarronbeer.com\/wp-content\/uploads\/2026\/03\/Le-Marron-Beer-dans-les-mariages-1024x572.png 360w\" sizes=\"auto, (max-width: 480px) 150px\" src=\"https:\/\/test.lemarronbeer.com\/wp-content\/uploads\/2026\/03\/Le-Marron-Beer-dans-les-mariages-1024x572.png\" alt=\"\" class=\"uag-image-1322\" width=\"1024\" height=\"572\" title=\"Le Marron Beer dans les mariages\" loading=\"lazy\" role=\"img\"\/><\/figure><\/div>\n<\/div>\n\n\n\n<div class=\"wp-block-uagb-container uagb-layout-grid uagb-block-d8c2f35c\">\n<div data-aos= \"fade-up\" data-aos-duration=\"400\" data-aos-delay=\"0\" data-aos-easing=\"ease\" data-aos-once=\"true\" class=\"wp-block-uagb-container uagb-block-732ca4d3\">\n<div class=\"wp-block-uagb-image uagb-block-fead3a78 wp-block-uagb-image--layout-default wp-block-uagb-image--effect-zoomin wp-block-uagb-image--align-none\"><figure class=\"wp-block-uagb-image__figure\"><img decoding=\"async\" srcset=\"https:\/\/test.lemarronbeer.com\/wp-content\/uploads\/2026\/03\/Le-Marron-Beer-pour-les-grands-evenements-1024x971.png ,https:\/\/test.lemarronbeer.com\/wp-content\/uploads\/2026\/03\/Le-Marron-Beer-pour-les-grands-evenements.png 780w, https:\/\/test.lemarronbeer.com\/wp-content\/uploads\/2026\/03\/Le-Marron-Beer-pour-les-grands-evenements.png 360w\" sizes=\"auto, (max-width: 480px) 150px\" src=\"https:\/\/test.lemarronbeer.com\/wp-content\/uploads\/2026\/03\/Le-Marron-Beer-pour-les-grands-evenements-1024x971.png\" alt=\"\" class=\"uag-image-1327\" width=\"1024\" height=\"971\" title=\"Le Marron Beer pour les grands \u00e9v\u00e9nements\" loading=\"lazy\" role=\"img\"\/><\/figure><\/div>\n\n\n\n<div class=\"wp-block-uagb-advanced-heading uagb-block-d5ffa4b0\"><h2 class=\"uagb-heading-text\">La Bi\u00e8re des grandes sc\u00e8nes<\/h2><p class=\"uagb-desc-text\">Partenaire de festivals de musique et \u00e9v\u00e9nements culturels. Le Marron incarne la libert\u00e9 de la f\u00eate et l\u2019\u00e9nergie des nuits m\u00e9morables.<\/p><\/div>\n<\/div>\n\n\n\n<div data-aos= \"fade-down\" data-aos-duration=\"400\" data-aos-delay=\"0\" data-aos-easing=\"ease\" data-aos-once=\"true\" class=\"wp-block-uagb-container uagb-block-dbb02bc5\">\n<div class=\"wp-block-uagb-image uagb-block-4f5d63a7 wp-block-uagb-image--layout-default wp-block-uagb-image--effect-zoomin wp-block-uagb-image--align-none\"><figure class=\"wp-block-uagb-image__figure\"><img decoding=\"async\" srcset=\"https:\/\/test.lemarronbeer.com\/wp-content\/uploads\/2026\/03\/Le-Marron-Beer-pour-les-evenements-sportifs-1024x971.png ,https:\/\/test.lemarronbeer.com\/wp-content\/uploads\/2026\/03\/Le-Marron-Beer-pour-les-evenements-sportifs.png 780w, https:\/\/test.lemarronbeer.com\/wp-content\/uploads\/2026\/03\/Le-Marron-Beer-pour-les-evenements-sportifs.png 360w\" sizes=\"auto, (max-width: 480px) 150px\" src=\"https:\/\/test.lemarronbeer.com\/wp-content\/uploads\/2026\/03\/Le-Marron-Beer-pour-les-evenements-sportifs-1024x971.png\" alt=\"\" class=\"uag-image-1336\" width=\"1024\" height=\"971\" title=\"Le Marron Beer pour les \u00e9v\u00e9nements sportifs\" loading=\"lazy\" role=\"img\"\/><\/figure><\/div>\n\n\n\n<div class=\"wp-block-uagb-advanced-heading uagb-block-273eec3f\"><h2 class=\"uagb-heading-text\">La Bi\u00e8re des champions<\/h2><p class=\"uagb-desc-text\">Pr\u00e9sente lors des grandes soir\u00e9es sportives, finales de football, tournois et c\u00e9r\u00e9monies de remise de prix. Le Marron c\u00e9l\u00e8bre les victoires.<\/p><\/div>\n<\/div>\n\n\n\n<div data-aos= \"fade-up\" data-aos-duration=\"400\" data-aos-delay=\"0\" data-aos-easing=\"ease\" data-aos-once=\"true\" class=\"wp-block-uagb-container uagb-block-8a71fbf1\">\n<div class=\"wp-block-uagb-image uagb-block-2feda5a1 wp-block-uagb-image--layout-default wp-block-uagb-image--effect-zoomin wp-block-uagb-image--align-none\"><figure class=\"wp-block-uagb-image__figure\"><img decoding=\"async\" srcset=\"https:\/\/test.lemarronbeer.com\/wp-content\/uploads\/2026\/03\/Le-Marron-Beer-pour-le-plaisir-1024x971.png ,https:\/\/test.lemarronbeer.com\/wp-content\/uploads\/2026\/03\/Le-Marron-Beer-pour-le-plaisir.png 780w, https:\/\/test.lemarronbeer.com\/wp-content\/uploads\/2026\/03\/Le-Marron-Beer-pour-le-plaisir.png 360w\" sizes=\"auto, (max-width: 480px) 150px\" src=\"https:\/\/test.lemarronbeer.com\/wp-content\/uploads\/2026\/03\/Le-Marron-Beer-pour-le-plaisir-1024x971.png\" alt=\"\" class=\"uag-image-1325\" width=\"1024\" height=\"971\" title=\"Le Marron Beer pour le plaisir\" loading=\"lazy\" role=\"img\"\/><\/figure><\/div>\n\n\n\n<div class=\"wp-block-uagb-advanced-heading uagb-block-2aeb25e8\"><h2 class=\"uagb-heading-text\">Pour chaque occasion unique<\/h2><p class=\"uagb-desc-text\">Anniversaires, bapt\u00eames, f\u00eates d\u2019entreprise. Le Marron s\u2019adapte \u00e0 chaque contexte et apporte une touche premium \u00e0 vos soir\u00e9es.<\/p><\/div>\n<\/div>\n<\/div>\n\n\n\n<div class=\"wp-block-uagb-container uagb-layout-grid uagb-block-97739a55 alignfull uagb-is-root-container\"><div class=\"uagb-container-inner-blocks-wrap\">\n<div class=\"wp-block-uagb-container uagb-block-5162d03e\">\r\n<div\r\n\t\tclass=\"align wp-block-ttb-text-typing\"\tid='ttbTextTyping-1'\r\n\tdata-attributes='{&quot;prefixText&quot;:&quot;&quot;,&quot;typingContents&quot;:[{&quot;text&quot;:&quot;Le Marron Beer n&#039;est pas une bi\\u00e8re que l&#039;on oublie.&quot;,&quot;color&quot;:&quot;rgba(249, 166, 11, 1)&quot;},{&quot;text&quot;:&quot;Elle est ambr\\u00e9e comme l&#039;h\\u00e9ritage, &quot;,&quot;color&quot;:&quot;rgba(249, 166, 11, 1)&quot;},{&quot;text&quot;:&quot;douce comme la victoire&quot;,&quot;color&quot;:&quot;rgba(249, 166, 11, 1)&quot;},{&quot;text&quot;:&quot;et persistante comme la m\\u00e9moire.&quot;,&quot;color&quot;:&quot;rgba(249, 166, 11, 1)&quot;}],&quot;suffixText&quot;:&quot; &quot;,&quot;isFadeOut&quot;:true,&quot;prefixTypo&quot;:{&quot;fontSize&quot;:{&quot;desktop&quot;:&quot;22&quot;,&quot;tablet&quot;:&quot;20&quot;,&quot;mobile&quot;:&quot;18&quot;},&quot;fontWeight&quot;:400},&quot;typingContentsTypo&quot;:{&quot;fontSize&quot;:{&quot;desktop&quot;:&quot;25px&quot;,&quot;tablet&quot;:&quot;20&quot;,&quot;mobile&quot;:&quot;18px&quot;},&quot;fontWeight&quot;:600,&quot;isUploadFont&quot;:true,&quot;fontFamily&quot;:&quot;Lora&quot;,&quot;fontCategory&quot;:&quot;serif&quot;,&quot;fontVariant&quot;:&quot;600&quot;},&quot;border&quot;:{&quot;radius&quot;:&quot;0px&quot;,&quot;width&quot;:&quot;0px&quot;,&quot;style&quot;:&quot;solid&quot;,&quot;color&quot;:&quot;#000000&quot;},&quot;align&quot;:&quot;&quot;,&quot;effects&quot;:{&quot;effect&quot;:&quot;matrix&quot;},&quot;themes&quot;:{&quot;theme&quot;:&quot;default&quot;},&quot;terminal&quot;:{&quot;headerText&quot;:&quot;developer@portfolio&quot;},&quot;typeSpeed&quot;:100,&quot;startDelay&quot;:500,&quot;backSpeed&quot;:75,&quot;backDelay&quot;:500,&quot;isShuffle&quot;:false,&quot;fadeOutDelay&quot;:500,&quot;isLoop&quot;:true,&quot;loopCount&quot;:0,&quot;isCursor&quot;:true,&quot;cursorChar&quot;:&quot;|&quot;,&quot;textAlign&quot;:&quot;center&quot;,&quot;background&quot;:{&quot;color&quot;:&quot;transparent&quot;},&quot;terminalHeadingBg&quot;:{&quot;color&quot;:&quot;#2b2b3c&quot;},&quot;terminalHeadingTextColor&quot;:&quot;#ccc&quot;,&quot;terminalHeadTypo&quot;:{&quot;fontSize&quot;:{&quot;desktop&quot;:12,&quot;tablet&quot;:12,&quot;mobile&quot;:12}},&quot;isIcon&quot;:true,&quot;iconList&quot;:{&quot;size&quot;:60,&quot;uploadIconUrl&quot;:&quot;https:\\\/\\\/i.ibb.co.com\\\/Y4DRLrNL\\\/deciduous-tree-1f333.png&quot;},&quot;padding&quot;:{&quot;vertical&quot;:&quot;10px&quot;,&quot;horizontal&quot;:&quot;15px&quot;},&quot;content&quot;:&quot;Animated text for animation&quot;,&quot;textAlignment&quot;:&quot;center&quot;,&quot;color&quot;:&quot;#fff&quot;,&quot;repeat&quot;:true,&quot;prefixColor&quot;:&quot;#333&quot;,&quot;suffixTypo&quot;:{&quot;fontSize&quot;:{&quot;desktop&quot;:22,&quot;tablet&quot;:20,&quot;mobile&quot;:18}},&quot;suffixColor&quot;:&quot;#333&quot;,&quot;isRandomColor&quot;:true,&quot;isCustomBG&quot;:false,&quot;animatedSize&quot;:{&quot;width&quot;:{&quot;desktop&quot;:&quot;100%&quot;,&quot;tablet&quot;:&quot;&quot;,&quot;mobile&quot;:&quot;&quot;},&quot;height&quot;:{&quot;desktop&quot;:&quot;200px&quot;,&quot;tablet&quot;:&quot;&quot;,&quot;mobile&quot;:&quot;&quot;}},&quot;iconSize&quot;:{&quot;width&quot;:{&quot;desktop&quot;:&quot;60px&quot;,&quot;tablet&quot;:&quot;&quot;,&quot;mobile&quot;:&quot;&quot;}},&quot;TrpContentRestriction&quot;:{&quot;restriction_type&quot;:&quot;exclude&quot;,&quot;selected_languages&quot;:[],&quot;panel_open&quot;:true}}' data-ispremium=''\r\n><\/div><\/div>\n\n\n\n<div data-aos= \"slide-up\" data-aos-duration=\"400\" data-aos-delay=\"0\" data-aos-easing=\"ease\" data-aos-once=\"true\" class=\"wp-block-uagb-container uagb-block-167a9d34\">\n<div class=\"wp-block-uagb-buttons uagb-buttons__outer-wrap uagb-btn__default-btn uagb-btn-tablet__default-btn uagb-btn-mobile__default-btn uagb-block-7a0502df\"><div class=\"uagb-buttons__wrap uagb-buttons-layout-wrap \">\n<div class=\"wp-block-uagb-buttons-child uagb-buttons__outer-wrap uagb-block-19e59094 wp-block-button\"><div class=\"uagb-button__wrapper\"><a class=\"uagb-buttons-repeater wp-block-button__link\" aria-label=\"\" href=\"https:\/\/test.lemarronbeer.com\/passer-une-commande\/\" rel=\"follow noopener\" target=\"_self\" role=\"button\"><div class=\"uagb-button__link\">Passer une commande<\/div><\/a><\/div><\/div>\n<\/div><\/div>\n<\/div>\n<\/div><\/div>\n<\/div><\/div>\n","protected":false},"excerpt":{"rendered":"<p>Notre Bi\u00e8re Couleur Ambre limpide, reflets dor\u00e9s, belle transparence en verre Ar\u00f4mes Notes de malt caramel\u00e9, l\u00e9g\u00e8re touche florale, soupcon [&hellip;]<\/p>\n","protected":false},"author":2,"featured_media":0,"parent":0,"menu_order":0,"comment_status":"closed","ping_status":"closed","template":"","meta":{"_gspb_post_css":"","_uag_custom_page_level_css":"","_monsterinsights_skip_tracking":false,"_monsterinsights_sitenote_active":false,"_monsterinsights_sitenote_note":"","_monsterinsights_sitenote_category":0,"site-sidebar-layout":"default","site-content-layout":"","ast-site-content-layout":"default","site-content-style":"default","site-sidebar-style":"default","ast-global-header-display":"","ast-banner-title-visibility":"","ast-main-header-display":"","ast-hfb-above-header-display":"","ast-hfb-below-header-display":"","ast-hfb-mobile-header-display":"","site-post-title":"disabled","ast-breadcrumbs-content":"","ast-featured-img":"","footer-sml-layout":"","ast-disable-related-posts":"","theme-transparent-header-meta":"","adv-header-id-meta":"","stick-header-meta":"","header-above-stick-meta":"","header-main-stick-meta":"","header-below-stick-meta":"","astra-migrate-meta-layouts":"default","ast-page-background-enabled":"default","ast-page-background-meta":{"desktop":{"background-color":"var(--ast-global-color-5)","background-image":"","background-repeat":"repeat","background-position":"center center","background-size":"auto","background-attachment":"scroll","background-type":"","background-media":"","overlay-type":"","overlay-color":"","overlay-opacity":"","overlay-gradient":""},"tablet":{"background-color":"","background-image":"","background-repeat":"repeat","background-position":"center center","background-size":"auto","background-attachment":"scroll","background-type":"","background-media":"","overlay-type":"","overlay-color":"","overlay-opacity":"","overlay-gradient":""},"mobile":{"background-color":"","background-image":"","background-repeat":"repeat","background-position":"center center","background-size":"auto","background-attachment":"scroll","background-type":"","background-media":"","overlay-type":"","overlay-color":"","overlay-opacity":"","overlay-gradient":""}},"ast-content-background-meta":{"desktop":{"background-color":"var(--ast-global-color-4)","background-image":"","background-repeat":"repeat","background-position":"center center","background-size":"auto","background-attachment":"scroll","background-type":"","background-media":"","overlay-type":"","overlay-color":"","overlay-opacity":"","overlay-gradient":""},"tablet":{"background-color":"var(--ast-global-color-4)","background-image":"","background-repeat":"repeat","background-position":"center center","background-size":"auto","background-attachment":"scroll","background-type":"","background-media":"","overlay-type":"","overlay-color":"","overlay-opacity":"","overlay-gradient":""},"mobile":{"background-color":"var(--ast-global-color-4)","background-image":"","background-repeat":"repeat","background-position":"center center","background-size":"auto","background-attachment":"scroll","background-type":"","background-media":"","overlay-type":"","overlay-color":"","overlay-opacity":"","overlay-gradient":""}},"footnotes":""},"class_list":["post-1268","page","type-page","status-publish","hentry"],"aioseo_notices":[],"uagb_featured_image_src":{"full":false,"thumbnail":false,"medium":false,"medium_large":false,"large":false,"1536x1536":false,"2048x2048":false,"trp-custom-language-flag":false},"uagb_author_info":{"display_name":"lemarronbeer","author_link":"https:\/\/test.lemarronbeer.com\/en\/author\/lemarronbeer\/"},"uagb_comment_info":0,"uagb_excerpt":"Notre Bi\u00e8re Couleur Ambre limpide, reflets dor\u00e9s, belle transparence en verre Ar\u00f4mes Notes de malt caramel\u00e9, l\u00e9g\u00e8re touche florale, soupcon [&hellip;]","_links":{"self":[{"href":"https:\/\/test.lemarronbeer.com\/en\/wp-json\/wp\/v2\/pages\/1268","targetHints":{"allow":["GET"]}}],"collection":[{"href":"https:\/\/test.lemarronbeer.com\/en\/wp-json\/wp\/v2\/pages"}],"about":[{"href":"https:\/\/test.lemarronbeer.com\/en\/wp-json\/wp\/v2\/types\/page"}],"author":[{"embeddable":true,"href":"https:\/\/test.lemarronbeer.com\/en\/wp-json\/wp\/v2\/users\/2"}],"replies":[{"embeddable":true,"href":"https:\/\/test.lemarronbeer.com\/en\/wp-json\/wp\/v2\/comments?post=1268"}],"version-history":[{"count":67,"href":"https:\/\/test.lemarronbeer.com\/en\/wp-json\/wp\/v2\/pages\/1268\/revisions"}],"predecessor-version":[{"id":1889,"href":"https:\/\/test.lemarronbeer.com\/en\/wp-json\/wp\/v2\/pages\/1268\/revisions\/1889"}],"wp:attachment":[{"href":"https:\/\/test.lemarronbeer.com\/en\/wp-json\/wp\/v2\/media?parent=1268"}],"curies":[{"name":"wp","href":"https:\/\/api.w.org\/{rel}","templated":true}]}}